{"id":88,"date":"2026-03-24T07:49:28","date_gmt":"2026-03-24T06:49:28","guid":{"rendered":"https:\/\/studyshield-winf.gbsl.website\/index.php\/blog-2\/"},"modified":"2026-03-26T09:41:03","modified_gmt":"2026-03-26T08:41:03","slug":"blog-2","status":"publish","type":"page","link":"https:\/\/studyshield-winf.gbsl.website\/index.php\/blog-2\/","title":{"rendered":"Blog"},"content":{"rendered":"\n<p>Viele Sch\u00fcler kennen das Problem: Man m\u00f6chte lernen, aber greift alle paar Minuten zum Handy. Social Media, Nachrichten oder Videos lenken st\u00e4ndig ab. Genau aus diesem Problem entstand die Idee von STUDY SHIELD.<\/p>\n\n\n\n<p>Die Fokus-Box soll Sch\u00fclern helfen, ihr Handy bewusst wegzulegen und sich f\u00fcr eine bestimmte Zeit nur auf das Lernen zu konzentrieren. So wird Lernen einfacher, strukturierter und effektiver.<\/p>\n\n\n\n<p><\/p>\n","protected":false},"excerpt":{"rendered":"<p>Viele Sch\u00fcler kennen das Problem: Man m\u00f6chte lernen, aber greift alle paar Minuten zum Handy. Social Media, Nachrichten oder Videos lenken st\u00e4ndig ab. Genau aus diesem Problem entstand die Idee von STUDY SHIELD. Die Fokus-Box soll Sch\u00fclern helfen, ihr Handy bewusst wegzulegen und sich f\u00fcr eine bestimmte Zeit nur auf das Lernen zu konzentrieren. So [&hellip;]<\/p>\n","protected":false},"author":1,"featured_media":17,"parent":0,"menu_order":0,"comment_status":"closed","ping_status":"closed","template":"blog-sidebar","meta":{"footnotes":""},"class_list":["post-88","page","type-page","status-publish","has-post-thumbnail","hentry"],"_links":{"self":[{"href":"https:\/\/studyshield-winf.gbsl.website\/index.php\/wp-json\/wp\/v2\/pages\/88","targetHints":{"allow":["GET"]}}],"collection":[{"href":"https:\/\/studyshield-winf.gbsl.website\/index.php\/wp-json\/wp\/v2\/pages"}],"about":[{"href":"https:\/\/studyshield-winf.gbsl.website\/index.php\/wp-json\/wp\/v2\/types\/page"}],"author":[{"embeddable":true,"href":"https:\/\/studyshield-winf.gbsl.website\/index.php\/wp-json\/wp\/v2\/users\/1"}],"replies":[{"embeddable":true,"href":"https:\/\/studyshield-winf.gbsl.website\/index.php\/wp-json\/wp\/v2\/comments?post=88"}],"version-history":[{"count":3,"href":"https:\/\/studyshield-winf.gbsl.website\/index.php\/wp-json\/wp\/v2\/pages\/88\/revisions"}],"predecessor-version":[{"id":140,"href":"https:\/\/studyshield-winf.gbsl.website\/index.php\/wp-json\/wp\/v2\/pages\/88\/revisions\/140"}],"wp:featuredmedia":[{"embeddable":true,"href":"https:\/\/studyshield-winf.gbsl.website\/index.php\/wp-json\/wp\/v2\/media\/17"}],"wp:attachment":[{"href":"https:\/\/studyshield-winf.gbsl.website\/index.php\/wp-json\/wp\/v2\/media?parent=88"}],"curies":[{"name":"wp","href":"https:\/\/api.w.org\/{rel}","templated":true}]}}